{"id":21,"date":"2022-03-26T16:41:32","date_gmt":"2022-03-26T16:41:32","guid":{"rendered":"https:\/\/chor-test.marco-kraft.de\/?page_id=21"},"modified":"2022-10-10T20:42:24","modified_gmt":"2022-10-10T19:42:24","slug":"unsere-musik","status":"publish","type":"page","link":"https:\/\/kirchenchor-messelhausen.de\/?page_id=21","title":{"rendered":"Unsere Musik"},"content":{"rendered":"\n<p>Als Kirchenchor singen wir haupts\u00e4chlich geistliche Lieder.<\/p>\n\n\n\n<p>Unser Repertoire reicht von der Renaissance \u00fcber den Barock bis zum Neuen Geistlichen Lied oder Ges\u00e4ngen aus Taiz\u00e9.<\/p>\n\n\n\n<p>Auch weltliche Musik geh\u00f6rt zu unseren Standards. Wir sind sehr offen f\u00fcr Fremdes, probieren gerne Neues aus&nbsp;und singen au\u00dfer in Deutsch oder Latein auch Englisch, Afrikanisch, Franz\u00f6sisch, Hebr\u00e4isch oder Schwedisch. Spirituals, Ethno-Songs aus Afrika oder Friedenslieder aus Israel werden von uns immer wieder gerne gesungen. Gerne treten wir auch bei weltlichen Anl\u00e4ssen wie Vereinsfesten oder Liederabenden auf.<\/p>\n\n\n\n<p>Unsere vierstimmigen Chor\u00e4le sind von unbekannteren und bekannten Komponisten wie Praetorius, Palestrina, Sch\u00fctz,&nbsp;Bach, H\u00e4ndel, Bortniansky, Mozart,&nbsp;Haydn, Mendelssohn-Bartholdy, Brahms, Schubert, Schroeder, Orff, Milsby, Maierhofer, Gerlitz, Detterbeck, Oosterhuis&nbsp;und vielen anderen. Wir singen vorrangig a capella und hin und wieder mit Klavierbegleitung.<\/p>\n\n\n<div class=\"wp-block-image\">\n<figure class=\"aligncenter size-full is-resized\"><img loading=\"lazy\" decoding=\"async\" src=\"https:\/\/kirchenchor-messelhausen.de\/wp-content\/uploads\/2022\/03\/29866176.jpg\" alt=\"\" class=\"wp-image-46\" width=\"637\" height=\"422\" srcset=\"https:\/\/kirchenchor-messelhausen.de\/wp-content\/uploads\/2022\/03\/29866176.jpg 600w, https:\/\/kirchenchor-messelhausen.de\/wp-content\/uploads\/2022\/03\/29866176-300x199.jpg 300w\" sizes=\"auto, (max-width: 637px) 100vw, 637px\" \/><\/figure>\n<\/div>\n\n\n<p>Wir haben zwei CDs mit unserer Chormusik aufgenommen:<\/p>\n\n\n\n<ul class=\"wp-block-list\"><li>&#8222;Laudate omnes gentes&#8220; aus dem Jahr 2013 beinhaltet verschiedene Chor\u00e4le von der Renaissance bis in die Moderne, gesungen in unterschiedlichen Sprachen, besinnlich, fetzig oder ber\u00fchrend.<\/li><li>&#8222;Advents- und Weihnachtsmusik&#8220; aus dem Jahr 2019 versetzt Sie in Weihnachtsstimmung.<\/li><\/ul>\n\n\n\n<p>Bei Interesse melden Sie sich bitte bei unserer Vorsitzenden oder der Chorleiterin. <\/p>\n","protected":false},"excerpt":{"rendered":"<p>Als Kirchenchor singen wir haupts\u00e4chlich geistliche Lieder. Unser Repertoire reicht von der Renaissance \u00fcber den Barock bis zum Neuen Geistlichen&hellip;<\/p>\n","protected":false},"author":1,"featured_media":0,"parent":0,"menu_order":0,"comment_status":"closed","ping_status":"closed","template":"","meta":{"footnotes":""},"class_list":["post-21","page","type-page","status-publish","hentry"],"_links":{"self":[{"href":"https:\/\/kirchenchor-messelhausen.de\/index.php?rest_route=\/wp\/v2\/pages\/21","targetHints":{"allow":["GET"]}}],"collection":[{"href":"https:\/\/kirchenchor-messelhausen.de\/index.php?rest_route=\/wp\/v2\/pages"}],"about":[{"href":"https:\/\/kirchenchor-messelhausen.de\/index.php?rest_route=\/wp\/v2\/types\/page"}],"author":[{"embeddable":true,"href":"https:\/\/kirchenchor-messelhausen.de\/index.php?rest_route=\/wp\/v2\/users\/1"}],"replies":[{"embeddable":true,"href":"https:\/\/kirchenchor-messelhausen.de\/index.php?rest_route=%2Fwp%2Fv2%2Fcomments&post=21"}],"version-history":[{"count":5,"href":"https:\/\/kirchenchor-messelhausen.de\/index.php?rest_route=\/wp\/v2\/pages\/21\/revisions"}],"predecessor-version":[{"id":92,"href":"https:\/\/kirchenchor-messelhausen.de\/index.php?rest_route=\/wp\/v2\/pages\/21\/revisions\/92"}],"wp:attachment":[{"href":"https:\/\/kirchenchor-messelhausen.de\/index.php?rest_route=%2Fwp%2Fv2%2Fmedia&parent=21"}],"curies":[{"name":"wp","href":"https:\/\/api.w.org\/{rel}","templated":true}]}}