{"id":2,"date":"2021-02-22T00:56:48","date_gmt":"2021-02-22T00:56:48","guid":{"rendered":"http:\/?page_id=2"},"modified":"2024-03-19T12:50:56","modified_gmt":"2024-03-19T11:50:56","slug":"sample-page","status":"publish","type":"page","link":"https:\/\/kirchenchor-messelhausen.de\/?page_id=2","title":{"rendered":"Wir \u00fcber uns"},"content":{"rendered":"\n<p>Der Kirchenchor St. Burkhard wurde im M\u00e4rz 1990 gegr\u00fcndet.<\/p>\n\n\n\n<p>Als katholischer Kirchenchor stehen wir unter der Tr\u00e4gerschaft der Pfarrgemeinde St. Burkhard Messelhausen. Seit September 2013 ist unsere Pfarrgemeinde der Seelsorgeeinheit Lauda-K\u00f6nigshofen angegliedert. Unser Pr\u00e4ses ist Pfarrer Ralph Walterspacher.<\/p>\n\n\n\n<p>Wir sind ein lebendiger Chor mit\u00a020 junggebliebenen S\u00e4ngerinnen und S\u00e4ngern.<\/p>\n\n\n\n<p>Von Anfang an wurde unser Chor von&nbsp;Edith Lang-Kraft musikalisch geleitet. Auch heute noch bringt sie uns als begeisterte und begeisternde Chorleiterin immer wieder Neues bei und ist st\u00e4ndig bestrebt, unser Repertoire um vielf\u00e4ltige Chors\u00e4tze zu erweitern.<\/p>\n\n\n\n<p>Unsere Vorsitzende ist Karola Kuhn. Sie sorgt mit viel Geschick, Engagement, Einf\u00fchlungsverm\u00f6gen und Humor daf\u00fcr, dass im Hintergrund alles reibungslos l\u00e4uft und unsere Geselligkeit nicht zu kurz kommt.<\/p>\n\n\n\n<figure class=\"wp-block-gallery has-nested-images columns-default is-cropped wp-block-gallery-1 is-layout-flex wp-block-gallery-is-layout-flex\">\n<figure class=\"wp-block-image size-large\"><img loading=\"lazy\" decoding=\"async\" width=\"220\" height=\"165\" data-id=\"29\" src=\"https:\/\/kirchenchor-messelhausen.de\/wp-content\/uploads\/2022\/03\/big_29892033_0_220-165.jpg\" alt=\"\" class=\"wp-image-29\"\/><\/figure>\n\n\n\n<figure class=\"wp-block-image size-large\"><img loading=\"lazy\" decoding=\"async\" width=\"249\" height=\"165\" data-id=\"28\" src=\"https:\/\/kirchenchor-messelhausen.de\/wp-content\/uploads\/2022\/03\/big_29891894_0_250-166.jpg\" alt=\"\" class=\"wp-image-28\"\/><\/figure>\n\n\n\n<figure class=\"wp-block-image size-large\"><img loading=\"lazy\" decoding=\"async\" width=\"450\" height=\"450\" data-id=\"27\" src=\"https:\/\/kirchenchor-messelhausen.de\/wp-content\/uploads\/2022\/03\/49212544.jpg\" alt=\"\" class=\"wp-image-27\" srcset=\"https:\/\/kirchenchor-messelhausen.de\/wp-content\/uploads\/2022\/03\/49212544.jpg 450w, https:\/\/kirchenchor-messelhausen.de\/wp-content\/uploads\/2022\/03\/49212544-300x300.jpg 300w, https:\/\/kirchenchor-messelhausen.de\/wp-content\/uploads\/2022\/03\/49212544-150x150.jpg 150w\" sizes=\"auto, (max-width: 450px) 100vw, 450px\" \/><\/figure>\n\n\n\n<figure class=\"wp-block-image size-large\"><img loading=\"lazy\" decoding=\"async\" width=\"600\" height=\"398\" data-id=\"26\" src=\"https:\/\/kirchenchor-messelhausen.de\/wp-content\/uploads\/2022\/03\/29866171.jpg\" alt=\"\" class=\"wp-image-26\" srcset=\"https:\/\/kirchenchor-messelhausen.de\/wp-content\/uploads\/2022\/03\/29866171.jpg 600w, https:\/\/kirchenchor-messelhausen.de\/wp-content\/uploads\/2022\/03\/29866171-300x199.jpg 300w\" sizes=\"auto, (max-width: 600px) 100vw, 600px\" \/><\/figure>\n<\/figure>\n","protected":false},"excerpt":{"rendered":"<p>Der Kirchenchor St. Burkhard wurde im M\u00e4rz 1990 gegr\u00fcndet. Als katholischer Kirchenchor stehen wir unter der Tr\u00e4gerschaft der Pfarrgemeinde St.&hellip;<\/p>\n","protected":false},"author":1,"featured_media":0,"parent":0,"menu_order":0,"comment_status":"closed","ping_status":"open","template":"","meta":{"footnotes":""},"class_list":["post-2","page","type-page","status-publish","hentry"],"_links":{"self":[{"href":"https:\/\/kirchenchor-messelhausen.de\/index.php?rest_route=\/wp\/v2\/pages\/2","targetHints":{"allow":["GET"]}}],"collection":[{"href":"https:\/\/kirchenchor-messelhausen.de\/index.php?rest_route=\/wp\/v2\/pages"}],"about":[{"href":"https:\/\/kirchenchor-messelhausen.de\/index.php?rest_route=\/wp\/v2\/types\/page"}],"author":[{"embeddable":true,"href":"https:\/\/kirchenchor-messelhausen.de\/index.php?rest_route=\/wp\/v2\/users\/1"}],"replies":[{"embeddable":true,"href":"https:\/\/kirchenchor-messelhausen.de\/index.php?rest_route=%2Fwp%2Fv2%2Fcomments&post=2"}],"version-history":[{"count":5,"href":"https:\/\/kirchenchor-messelhausen.de\/index.php?rest_route=\/wp\/v2\/pages\/2\/revisions"}],"predecessor-version":[{"id":108,"href":"https:\/\/kirchenchor-messelhausen.de\/index.php?rest_route=\/wp\/v2\/pages\/2\/revisions\/108"}],"wp:attachment":[{"href":"https:\/\/kirchenchor-messelhausen.de\/index.php?rest_route=%2Fwp%2Fv2%2Fmedia&parent=2"}],"curies":[{"name":"wp","href":"https:\/\/api.w.org\/{rel}","templated":true}]}}