{"id":10,"date":"2022-03-26T16:37:58","date_gmt":"2022-03-26T16:37:58","guid":{"rendered":"https:\/\/chor-test.marco-kraft.de\/?page_id=10"},"modified":"2024-03-19T12:48:27","modified_gmt":"2024-03-19T11:48:27","slug":"home","status":"publish","type":"page","link":"https:\/\/kirchenchor-messelhausen.de\/","title":{"rendered":"Home"},"content":{"rendered":"\n<p><strong>Herzlich Willkommen!<\/strong><\/p>\n\n\n\n<p>Unsere Leidenschaften? Das Singen und &#8211; unser Kirchenchor!<\/p>\n\n\n\n<p>Das Singen im stillen K\u00e4mmerlein macht wenig Spa\u00df, deshalb singen wir gemeinsam &#8211; und haben eine Menge Spa\u00df dabei! Singen im Chor &#8211; das hei\u00dft zuh\u00f6ren, verstehen und Freude geben in einer Gemeinschaft von Gleichgesinnten.&nbsp;<\/p>\n\n\n\n<p>Auf diesen Seiten erfahren Sie alles \u00fcber uns und unser Chorleben, das Singen im Gottesdienst, \u00fcber unsere Probenarbeit und sonstige Aktivit\u00e4ten.<\/p>\n\n\n\n<p>Viel Spa\u00df auf diesen Seiten! Vielleicht bekommen Sie ja Lust auf mehr&#8230; Dann besuchen Sie doch einfach einen\u00a0Gottesdienst in der sch\u00f6nen Pfarrkirche\u00a0in Messelhausen oder\u00a0das allj\u00e4hrliche Adventskonzert am 2. Adventssonntag. Gerne k\u00f6nnen\u00a0Sie uns in einer Chorprobe\u00a0n\u00e4her kennenlernen. Wir\u00a0proben jeden Donnerstag um\u00a019:15 Uhr in\u00a0unserem\u00a0Proberaum im Obergeschoss des Zobel&#8217;schen Baukellers, Ecke Freiherr-von-Zobel-Stra\u00dfe \/ K\u00fctzbrunner Stra\u00dfe\u00a0in Messelhausen.\u00a0<\/p>\n\n\n\n<p>Wir freuen uns auf Sie!<\/p>\n\n\n\n<figure class=\"wp-block-image size-large\"><img loading=\"lazy\" decoding=\"async\" width=\"1024\" height=\"768\" src=\"https:\/\/kirchenchor-messelhausen.de\/wp-content\/uploads\/2022\/09\/IMG-20220710-WA00042-1024x768.jpg\" alt=\"\" class=\"wp-image-82\" srcset=\"https:\/\/kirchenchor-messelhausen.de\/wp-content\/uploads\/2022\/09\/IMG-20220710-WA00042-1024x768.jpg 1024w, https:\/\/kirchenchor-messelhausen.de\/wp-content\/uploads\/2022\/09\/IMG-20220710-WA00042-300x225.jpg 300w, https:\/\/kirchenchor-messelhausen.de\/wp-content\/uploads\/2022\/09\/IMG-20220710-WA00042-768x576.jpg 768w, https:\/\/kirchenchor-messelhausen.de\/wp-content\/uploads\/2022\/09\/IMG-20220710-WA00042-1536x1152.jpg 1536w, https:\/\/kirchenchor-messelhausen.de\/wp-content\/uploads\/2022\/09\/IMG-20220710-WA00042-1600x1200.jpg 1600w, https:\/\/kirchenchor-messelhausen.de\/wp-content\/uploads\/2022\/09\/IMG-20220710-WA00042.jpg 2048w\" sizes=\"auto, (max-width: 1024px) 100vw, 1024px\" \/><\/figure>\n","protected":false},"excerpt":{"rendered":"<p>Herzlich Willkommen! Unsere Leidenschaften? Das Singen und &#8211; unser Kirchenchor! Das Singen im stillen K\u00e4mmerlein macht wenig Spa\u00df, deshalb singen&hellip;<\/p>\n","protected":false},"author":1,"featured_media":0,"parent":0,"menu_order":0,"comment_status":"closed","ping_status":"closed","template":"","meta":{"footnotes":""},"class_list":["post-10","page","type-page","status-publish","hentry"],"_links":{"self":[{"href":"https:\/\/kirchenchor-messelhausen.de\/index.php?rest_route=\/wp\/v2\/pages\/10","targetHints":{"allow":["GET"]}}],"collection":[{"href":"https:\/\/kirchenchor-messelhausen.de\/index.php?rest_route=\/wp\/v2\/pages"}],"about":[{"href":"https:\/\/kirchenchor-messelhausen.de\/index.php?rest_route=\/wp\/v2\/types\/page"}],"author":[{"embeddable":true,"href":"https:\/\/kirchenchor-messelhausen.de\/index.php?rest_route=\/wp\/v2\/users\/1"}],"replies":[{"embeddable":true,"href":"https:\/\/kirchenchor-messelhausen.de\/index.php?rest_route=%2Fwp%2Fv2%2Fcomments&post=10"}],"version-history":[{"count":5,"href":"https:\/\/kirchenchor-messelhausen.de\/index.php?rest_route=\/wp\/v2\/pages\/10\/revisions"}],"predecessor-version":[{"id":106,"href":"https:\/\/kirchenchor-messelhausen.de\/index.php?rest_route=\/wp\/v2\/pages\/10\/revisions\/106"}],"wp:attachment":[{"href":"https:\/\/kirchenchor-messelhausen.de\/index.php?rest_route=%2Fwp%2Fv2%2Fmedia&parent=10"}],"curies":[{"name":"wp","href":"https:\/\/api.w.org\/{rel}","templated":true}]}}